{"id":7209,"date":"2024-03-11T16:24:16","date_gmt":"2024-03-11T16:24:16","guid":{"rendered":"https:\/\/focalx.ai\/politica-de-privacidade\/"},"modified":"2025-12-25T15:50:47","modified_gmt":"2025-12-25T15:50:47","slug":"politica-de-privacidade","status":"publish","type":"page","link":"https:\/\/focalx.ai\/pt-pt\/politica-de-privacidade\/","title":{"rendered":"Pol\u00edtica de privacidade"},"content":{"rendered":"\t\t<div data-elementor-type=\"wp-page\" data-elementor-id=\"7209\" class=\"elementor elementor-7209 elementor-300\" data-elementor-post-type=\"page\">\n\t\t\t\t<div class=\"elementor-element elementor-element-6214d13d e-flex e-con-boxed e-con e-parent\" data-id=\"6214d13d\" data-element_type=\"container\" data-e-type=\"container\">\n\t\t\t\t\t<div class=\"e-con-inner\">\n\t\t\t\t<div class=\"elementor-element elementor-element-193fc2f elementor-widget elementor-widget-text-editor\" data-id=\"193fc2f\" data-element_type=\"widget\" data-e-type=\"widget\" data-widget_type=\"text-editor.default\">\n\t\t\t\t<div class=\"elementor-widget-container\">\n\t\t\t\t\t\t\t\t\t<h1 class=\"wp-block-heading\">Pol\u00edtica de privacidade<\/h1><h2 class=\"wp-block-heading\">Introdu\u00e7\u00e3o:<\/h2><p>Na Focalx, somos especializados no fornecimento de solu\u00e7\u00f5es de software exclusivamente para clientes B2B (business-to-business). Estamos empenhados em prestar um servi\u00e7o excecional, assegurando ao mesmo tempo o maior respeito pela privacidade e seguran\u00e7a dos dados. Esta Pol\u00edtica de Privacidade descreve os termos e condi\u00e7\u00f5es acordados com os nossos valiosos clientes, esclarecendo o nosso papel e responsabilidades no tratamento e prote\u00e7\u00e3o de dados.<\/p><h2 class=\"wp-block-heading\">O nosso papel como processador de dados:<\/h2><p>Nas nossas intera\u00e7\u00f5es com os clientes, a Focalx actua estritamente como um processador de dados. Isto significa que processamos dados em nome dos nossos clientes B2B, que s\u00e3o os respons\u00e1veis pelo tratamento dos dados. As nossas actividades est\u00e3o sempre alinhadas com as instru\u00e7\u00f5es e diretrizes fornecidas pelos nossos clientes, e dedicamo-nos a tratar os dados de acordo com estas diretivas e com as leis de prote\u00e7\u00e3o de dados aplic\u00e1veis.<\/p><h2 class=\"wp-block-heading\">Para utilizadores de aplica\u00e7\u00f5es m\u00f3veis:<\/h2><p>Se \u00e9s um utilizador da nossa aplica\u00e7\u00e3o m\u00f3vel, seja como funcion\u00e1rio do nosso cliente direto ou como cliente que utiliza a aplica\u00e7\u00e3o atrav\u00e9s dos servi\u00e7os do nosso cliente, tem em aten\u00e7\u00e3o que a tua utiliza\u00e7\u00e3o da aplica\u00e7\u00e3o est\u00e1 sujeita \u00e0s pol\u00edticas de gest\u00e3o de dados da organiza\u00e7\u00e3o que \u00e9 nosso cliente. Recomendamos que revejas a pol\u00edtica de privacidade relevante da tua entidade patronal ou da empresa que te d\u00e1 acesso \u00e0 nossa aplica\u00e7\u00e3o, em conjunto com este documento. O nosso papel relativamente aos teus dados \u00e9 process\u00e1-los de acordo com as instru\u00e7\u00f5es do nosso cliente, quer seja o teu empregador ou o fornecedor de servi\u00e7os com quem trabalhas. Estamos empenhados em garantir que os teus direitos de privacidade s\u00e3o mantidos e salvaguardados de acordo com a nossa pol\u00edtica e a pol\u00edtica da organiza\u00e7\u00e3o atrav\u00e9s da qual acedes aos nossos servi\u00e7os.<\/p><h2 class=\"wp-block-heading\">Garantir a privacidade e a conformidade dos dados:<\/h2><p>As sec\u00e7\u00f5es seguintes desta Pol\u00edtica de Privacidade detalham a forma como n\u00f3s, na Focalx, tratamos e protegemos os dados, o nosso compromisso com a seguran\u00e7a e as nossas pr\u00e1ticas em conformidade com os regulamentos de prote\u00e7\u00e3o de dados relevantes, incluindo o Regulamento Geral de Prote\u00e7\u00e3o de Dados (RGPD). Estamos empenhados na transpar\u00eancia das nossas actividades de processamento de dados e em salvaguardar a privacidade de todos os dados que nos s\u00e3o confiados pelos nossos clientes.<\/p><ul><li>Recolha de informa\u00e7\u00f5es:<\/li><li>Recolhemos tipos de dados pessoais, tais como:<\/li><li>-Nome (utilizadores da plataforma Focalx)<\/li><li>-Endere\u00e7o de correio eletr\u00f3nico (utilizadores da plataforma Focalx)<\/li><li>-N\u00fameros de identifica\u00e7\u00e3o do ve\u00edculo (VIN)<\/li><li>-Chapas de matr\u00edcula (se aplic\u00e1vel)<\/li><li>-Localiza\u00e7\u00e3o e registo de data e hora (apenas durante a inspe\u00e7\u00e3o e com o consentimento pr\u00e9vio do utilizador da aplica\u00e7\u00e3o m\u00f3vel)<\/li><\/ul><ul><li>Processamento e utiliza\u00e7\u00e3o de dados:<\/li><li>Processamos dados pessoais com base no seguinte:<\/li><li>Artigo 6.\u00ba, n.\u00ba 1, al\u00ednea a), do Regulamento Geral sobre a Prote\u00e7\u00e3o de Dados (RGPD) para o consentimento.<\/li><li>Artigo 6(1)(f) do RGPD como necess\u00e1rio para os fins dos nossos interesses leg\u00edtimos. Os nossos interesses leg\u00edtimos incluem a presta\u00e7\u00e3o dos servi\u00e7os que solicitaste e o desenvolvimento dos servi\u00e7os no que diz respeito \u00e0 funcionalidade do utilizador e do sistema, etc.<\/li><\/ul><h2 class=\"wp-block-heading\">Partilha e divulga\u00e7\u00e3o de dados:<\/h2><p>Os subprocessadores s\u00e3o utilizados ao abrigo do acordo, sendo que entidades como a Amazon Web Services (AWS), a Intercom, Inc. e a Mixpanel International, Inc. s\u00e3o subprocessadores aprovados. Aplicam-se condi\u00e7\u00f5es espec\u00edficas \u00e0 contrata\u00e7\u00e3o de subcontratantes, incluindo o requisito de autoriza\u00e7\u00e3o geral pr\u00e9via por escrito do respons\u00e1vel pelo tratamento de dados e um per\u00edodo de pr\u00e9-aviso de 30 dias para quaisquer altera\u00e7\u00f5es.<\/p><h2 class=\"wp-block-heading\">Seguran\u00e7a e confidencialidade dos dados:<\/h2><p>O processador de dados \u00e9 obrigado a manter a confidencialidade dos dados pessoais e a implementar medidas de seguran\u00e7a t\u00e9cnicas e organizacionais adequadas. Temos disposi\u00e7\u00f5es para notificar o controlador de dados de quaisquer viola\u00e7\u00f5es de dados pessoais e para ajudar a mitigar quaisquer danos potenciais.<\/p><h2 class=\"wp-block-heading\">Transfer\u00eancias internacionais de dados:<\/h2><p>As transfer\u00eancias de dados pessoais para pa\u00edses terceiros ou organiza\u00e7\u00f5es internacionais s\u00f3 devem ser efectuadas com base em instru\u00e7\u00f5es documentadas do respons\u00e1vel pelo tratamento de dados e em conformidade com o Cap\u00edtulo V do RGPD.<\/p><h2 class=\"wp-block-heading\">Direitos dos utilizadores de aplica\u00e7\u00f5es m\u00f3veis:<\/h2><p>Os utilizadores de aplica\u00e7\u00f5es m\u00f3veis t\u00eam o direito de solicitar o acesso, a retifica\u00e7\u00e3o ou a elimina\u00e7\u00e3o dos seus dados pessoais. T\u00eam tamb\u00e9m o direito de se opor ao tratamento dos seus dados pessoais e de restringir o tratamento dos seus dados pessoais. Em particular, os utilizadores de aplica\u00e7\u00f5es m\u00f3veis t\u00eam o direito absoluto de se opor ao tratamento dos seus dados pessoais para fins de marketing direto. Se o tratamento dos seus dados pessoais se basear no seu consentimento, t\u00eam o direito de retirar o seu consentimento em qualquer altura; no entanto, essa retirada n\u00e3o afecta a legalidade do tratamento efectuado antes da retirada do consentimento. Os utilizadores de aplica\u00e7\u00f5es m\u00f3veis t\u00eam o direito de receber os seus dados pessoais num formato estruturado, de uso corrente e de leitura \u00f3tica (portabilidade dos dados). T\u00eam tamb\u00e9m o direito de apresentar uma queixa a uma autoridade de supervis\u00e3o da prote\u00e7\u00e3o de dados, como a Ag\u00eancia Dinamarquesa de Prote\u00e7\u00e3o de Dados (Datatilsynet), em qualquer altura. Se os utilizadores de aplica\u00e7\u00f5es m\u00f3veis quiserem invocar os seus direitos, contacta-nos atrav\u00e9s do endere\u00e7o <a href=\"mailto:support@focalx.ai\">support@focalx.ai.<\/a> Estes direitos podem estar sujeitos a condi\u00e7\u00f5es ou restri\u00e7\u00f5es; por conseguinte, os utilizadores de aplica\u00e7\u00f5es m\u00f3veis podem n\u00e3o ter direito \u00e0 portabilidade dos dados numa quest\u00e3o espec\u00edfica - isto depender\u00e1 das circunst\u00e2ncias espec\u00edficas das actividades de processamento.<\/p><h2 class=\"wp-block-heading\">Direitos e obriga\u00e7\u00f5es do respons\u00e1vel pelo tratamento de dados:<\/h2><p>O respons\u00e1vel pelo tratamento de dados tem o direito e a obriga\u00e7\u00e3o de tomar decis\u00f5es sobre as finalidades e os meios de tratamento dos dados pessoais. O respons\u00e1vel pelo tratamento de dados \u00e9 respons\u00e1vel por garantir que o tratamento tem uma base legal e est\u00e1 em conformidade com o RGPD.<\/p><h2 class=\"wp-block-heading\">Fun\u00e7\u00e3o e instru\u00e7\u00f5es do respons\u00e1vel pelo tratamento de dados:<\/h2><p>O processador de dados, a Focalx Aps, processa dados pessoais apenas com base em instru\u00e7\u00f5es documentadas do controlador de dados. O processador de dados deve informar o controlador de dados se quaisquer instru\u00e7\u00f5es violarem o RGPD ou outras disposi\u00e7\u00f5es de prote\u00e7\u00e3o de dados aplic\u00e1veis.<\/p><h2 class=\"wp-block-heading\">Auditoria e Inspe\u00e7\u00e3o:<\/h2><p>Est\u00e3o previstas disposi\u00e7\u00f5es para que o respons\u00e1vel pelo tratamento de dados realize auditorias e inspec\u00e7\u00f5es para garantir o cumprimento do RGPD e das obriga\u00e7\u00f5es de tratamento de dados.<\/p><h2 class=\"wp-block-heading\">Altera\u00e7\u00f5es \u00e0 Pol\u00edtica de Privacidade:<\/h2><p>Em caso de altera\u00e7\u00f5es \u00e0 presente Pol\u00edtica de Privacidade, os clientes da Focalx receber\u00e3o um e-mail ou ser\u00e3o notificados por mensagem push atrav\u00e9s da aplica\u00e7\u00e3o, de acordo com as altera\u00e7\u00f5es.<\/p>\t\t\t\t\t\t\t\t<\/div>\n\t\t\t\t<\/div>\n\t\t\t\t\t<\/div>\n\t\t\t\t<\/div>\n\t\t\t\t<\/div>\n\t\t","protected":false},"excerpt":{"rendered":"<p>Pol\u00edtica de privacidade Introdu\u00e7\u00e3o: Na Focalx, somos especializados no fornecimento de solu\u00e7\u00f5es de software exclusivamente para clientes B2B (business-to-business). Estamos [&hellip;]<\/p>\n","protected":false},"author":1,"featured_media":0,"parent":0,"menu_order":0,"comment_status":"closed","ping_status":"closed","template":"elementor_header_footer","meta":{"_acf_changed":false,"_seopress_robots_primary_cat":"","_seopress_titles_title":"Pol\u00edtica de Privacidade FocalX e Prote\u00e7\u00e3o de Dados","_seopress_titles_desc":"Leia a pol\u00edtica de privacidade da FocalX para entender quais dados s\u00e3o coletados como s\u00e3o utilizados e como suas informa\u00e7\u00f5es pessoais s\u00e3o protegidas.","_seopress_robots_index":"","content-type":"","site-sidebar-layout":"default","site-content-layout":"","ast-site-content-layout":"default","site-content-style":"default","site-sidebar-style":"default","ast-global-header-display":"","ast-banner-title-visibility":"","ast-main-header-display":"","ast-hfb-above-header-display":"","ast-hfb-below-header-display":"","ast-hfb-mobile-header-display":"","site-post-title":"","ast-breadcrumbs-content":"","ast-featured-img":"","footer-sml-layout":"","ast-disable-related-posts":"","theme-transparent-header-meta":"default","adv-header-id-meta":"","stick-header-meta":"","header-above-stick-meta":"","header-main-stick-meta":"","header-below-stick-meta":"","astra-migrate-meta-layouts":"set","ast-page-background-enabled":"default","ast-page-background-meta":{"desktop":{"background-color":"var(--ast-global-color-5)","background-image":"","background-repeat":"repeat","background-position":"center center","background-size":"auto","background-attachment":"scroll","background-type":"","background-media":"","overlay-type":"","overlay-color":"","overlay-opacity":"","overlay-gradient":""},"tablet":{"background-color":"","background-image":"","background-repeat":"repeat","background-position":"center center","background-size":"auto","background-attachment":"scroll","background-type":"","background-media":"","overlay-type":"","overlay-color":"","overlay-opacity":"","overlay-gradient":""},"mobile":{"background-color":"","background-image":"","background-repeat":"repeat","background-position":"center center","background-size":"auto","background-attachment":"scroll","background-type":"","background-media":"","overlay-type":"","overlay-color":"","overlay-opacity":"","overlay-gradient":""}},"ast-content-background-meta":{"desktop":{"background-color":"var(--ast-global-color-4)","background-image":"","background-repeat":"repeat","background-position":"center center","background-size":"auto","background-attachment":"scroll","background-type":"","background-media":"","overlay-type":"","overlay-color":"","overlay-opacity":"","overlay-gradient":""},"tablet":{"background-color":"var(--ast-global-color-4)","background-image":"","background-repeat":"repeat","background-position":"center center","background-size":"auto","background-attachment":"scroll","background-type":"","background-media":"","overlay-type":"","overlay-color":"","overlay-opacity":"","overlay-gradient":""},"mobile":{"background-color":"var(--ast-global-color-4)","background-image":"","background-repeat":"repeat","background-position":"center center","background-size":"auto","background-attachment":"scroll","background-type":"","background-media":"","overlay-type":"","overlay-color":"","overlay-opacity":"","overlay-gradient":""}},"footnotes":""},"class_list":["post-7209","page","type-page","status-publish","hentry"],"acf":[],"_links":{"self":[{"href":"https:\/\/focalx.ai\/pt-pt\/wp-json\/wp\/v2\/pages\/7209","targetHints":{"allow":["GET"]}}],"collection":[{"href":"https:\/\/focalx.ai\/pt-pt\/wp-json\/wp\/v2\/pages"}],"about":[{"href":"https:\/\/focalx.ai\/pt-pt\/wp-json\/wp\/v2\/types\/page"}],"author":[{"embeddable":true,"href":"https:\/\/focalx.ai\/pt-pt\/wp-json\/wp\/v2\/users\/1"}],"replies":[{"embeddable":true,"href":"https:\/\/focalx.ai\/pt-pt\/wp-json\/wp\/v2\/comments?post=7209"}],"version-history":[{"count":0,"href":"https:\/\/focalx.ai\/pt-pt\/wp-json\/wp\/v2\/pages\/7209\/revisions"}],"wp:attachment":[{"href":"https:\/\/focalx.ai\/pt-pt\/wp-json\/wp\/v2\/media?parent=7209"}],"curies":[{"name":"wp","href":"https:\/\/api.w.org\/{rel}","templated":true}]}}