{"id":7199,"date":"2024-03-11T16:17:57","date_gmt":"2024-03-11T16:17:57","guid":{"rendered":"https:\/\/focalx.ai\/termos-de-utilizacao\/"},"modified":"2025-12-25T15:46:28","modified_gmt":"2025-12-25T15:46:28","slug":"termos-de-utilizacao","status":"publish","type":"page","link":"https:\/\/focalx.ai\/pt-pt\/termos-de-utilizacao\/","title":{"rendered":"Termos de utiliza\u00e7\u00e3o"},"content":{"rendered":"\t\t<div data-elementor-type=\"wp-page\" data-elementor-id=\"7199\" class=\"elementor elementor-7199 elementor-298\" data-elementor-post-type=\"page\">\n\t\t\t\t<div class=\"elementor-element elementor-element-3df43aa1 e-flex e-con-boxed e-con e-parent\" data-id=\"3df43aa1\" data-element_type=\"container\" data-e-type=\"container\">\n\t\t\t\t\t<div class=\"e-con-inner\">\n\t\t\t\t<div class=\"elementor-element elementor-element-2b0105b0 elementor-widget elementor-widget-text-editor\" data-id=\"2b0105b0\" data-element_type=\"widget\" data-e-type=\"widget\" data-widget_type=\"text-editor.default\">\n\t\t\t\t<div class=\"elementor-widget-container\">\n\t\t\t\t\t\t\t\t\t<h1 class=\"wp-block-heading\">CONTRATO DE LICEN\u00c7A<\/h1>\n\n<h3 class=\"wp-block-heading\">focalx, Vers\u00e3o (Todos)<\/h3>\n\n<p>L\u00ea atentamente os termos deste contrato de licen\u00e7a e quaisquer termos de licen\u00e7a suplementares fornecidos antes da instala\u00e7\u00e3o (coletivamente \"Contrato\"). Em caso de qualquer contradi\u00e7\u00e3o entre este contrato de licen\u00e7a e os termos de licen\u00e7a suplementares fornecidos, os termos de licen\u00e7a suplementares prevalecer\u00e3o. O software a que este Acordo se aplica est\u00e1 protegido pela lei de direitos de autor e por outra legisla\u00e7\u00e3o internacional, regulamentos e acordos sobre propriedade intelectual. Ao instalar, utilizar ou copiar o software, concordas em ficar vinculado aos termos deste Acordo.   <\/p>\n\n<p>Focalx<\/p>\n\n<p>Copyright \u00a9 2023<br>focalx.ai<\/p>\n\n<h3 class=\"wp-block-heading\">1. LICEN\u00c7A DE UTILIZA\u00c7\u00c3O:<\/h3>\n\n<p>A FocalX ApS (\"focalx\") concede-lhe uma licen\u00e7a n\u00e3o exclusiva e n\u00e3o transfer\u00edvel para a utiliza\u00e7\u00e3o do software e da documenta\u00e7\u00e3o que o acompanha (coletivamente \"Software\")<\/p>\n\n<h3 class=\"wp-block-heading\">2. RESTRI\u00c7\u00d5ES:<\/h3>\n\n<p>O Software est\u00e1 protegido por direitos de propriedade intelectual. O t\u00edtulo do Software e todos os direitos de propriedade intelectual associados, incluindo, sem limita\u00e7\u00e3o, quaisquer modifica\u00e7\u00f5es, melhorias e revis\u00f5es do Software, s\u00e3o retidos pela focalx e\/ou seus licenciadores. A menos que a aplica\u00e7\u00e3o seja proibida pela lei aplic\u00e1vel, n\u00e3o podes modificar, descompilar ou fazer engenharia reversa do Software. Nenhum direito, t\u00edtulo ou interesse em ou para qualquer marca comercial, marca de servi\u00e7o, logotipo ou nome comercial da focalx ou de seus licenciadores \u00e9 concedido sob este Contrato.   <\/p>\n\n<h3 class=\"wp-block-heading\">3. REN\u00daNCIA \u00c0 GARANTIA:<\/h3>\n\n<p>O Software \u00e9 fornecido \"COMO EST\u00c1\". Sem limitar o acima exposto, a focalx n\u00e3o garante que o Software esteja livre de erros ou que operar\u00e1 sem bugs, v\u00edrus, perda de dados ou interrup\u00e7\u00f5es. O teu recurso exclusivo e a responsabilidade total da focalx sob esta garantia limitada ser\u00e1 a substitui\u00e7\u00e3o do Software pela focalx. Todas as condi\u00e7\u00f5es expressas ou impl\u00edcitas, representa\u00e7\u00f5es e garantias, incluindo qualquer garantia impl\u00edcita de comercializa\u00e7\u00e3o, adequa\u00e7\u00e3o a um determinado fim ou n\u00e3o viola\u00e7\u00e3o s\u00e3o rejeitadas pela focalx, exceto na medida em que estas isen\u00e7\u00f5es de responsabilidade sejam consideradas legalmente inv\u00e1lidas.   <\/p>\n\n<h3 class=\"wp-block-heading\">4. LIMITA\u00c7\u00c3O DA RESPONSABILIDADE:<\/h3>\n\n<p>NA MEDIDA EM QUE N\u00c3O SEJA PROIBIDO POR LEI, EM NENHUMA HIP\u00d3TESE A FOCALX OU SEUS LICENCIADORES SER\u00c3O RESPONS\u00c1VEIS POR QUALQUER PERDA DE RECEITA, LUCRO OU DADOS, OU POR DANOS ESPECIAIS, INDIRETOS, CONSEQUENCIAIS, INCIDENTAIS OU PUNITIVOS, INDEPENDENTEMENTE DA TEORIA DE RESPONSABILIDADE, DECORRENTES OU RELACIONADOS AO USO OU INCAPACIDADE DE USAR O SOFTWARE, MESMO QUE A FOCALX TENHA SIDO AVISADA DA POSSIBILIDADE DE TAIS DANOS. EM NENHUM CASO A RESPONSABILIDADE DA FOCALX PARA CONTIGO, SEJA EM CONTRATO, ATO IL\u00cdCITO (INCLUINDO NEGLIG\u00caNCIA), OU DE OUTRA FORMA, EXCEDER\u00c1 O VALOR PAGO POR TI PELO SOFTWARE SOB ESTE CONTRATO. AS LIMITA\u00c7\u00d5ES ANTERIORES APLICAR-SE-\u00c3O MESMO QUE A GARANTIA ACIMA MENCIONADA FALHE NO SEU OBJECTIVO ESSENCIAL.  <\/p>\n\n<h3 class=\"wp-block-heading\">5. RESCIS\u00c3O:<\/h3>\n<p>Este Acordo \u00e9 efetivo at\u00e9 ser rescindido. Podes rescindir este Acordo a qualquer momento, desinstalando o Software e destruindo todas as c\u00f3pias do Software. Este Acordo ser\u00e1 rescindido imediatamente sem aviso pr\u00e9vio da focalx se n\u00e3o cumprires com qualquer disposi\u00e7\u00e3o deste Acordo. Ap\u00f3s a rescis\u00e3o, deves desinstalar o Software e destruir todas as c\u00f3pias do Software.   <\/p>\n\n<p>FocalX ApS<br>Dinamarca<\/p>\n\n<p>www.focalx.ai<\/p>\n\n<p>O SOFTWARE \u00c9 FORNECIDO \"TAL COMO EST\u00c1\", SEM QUALQUER TIPO DE GARANTIA, EXPRESSA OU IMPL\u00cdCITA, INCLUINDO MAS N\u00c3O SE LIMITANDO \u00c0S GARANTIAS DE COMERCIALIZA\u00c7\u00c3O, ADEQUA\u00c7\u00c3O A UM DETERMINADO FIM E N\u00c3O INFRAC\u00c7\u00c3O DE DIREITOS DE TERCEIROS. EM NENHUMA CIRCUNST\u00c2NCIA OS AUTORES OU DETENTORES DE DIREITOS DE AUTOR SER\u00c3O RESPONS\u00c1VEIS POR QUALQUER RECLAMA\u00c7\u00c3O, DANOS OU OUTRA RESPONSABILIDADE, SEJA NUMA AC\u00c7\u00c3O DE CONTRATO, DELITO OU OUTRA, RESULTANTE DE, FORA DE OU EM LIGA\u00c7\u00c3O COM O SOFTWARE OU A UTILIZA\u00c7\u00c3O OU OUTRAS TRANSAC\u00c7\u00d5ES COM O SOFTWARE. <\/p>\n\n<p>Exceto quando contido neste aviso, o nome de um detentor de direitos de autor n\u00e3o deve ser utilizado em publicidade ou de outra forma para promover a venda, utiliza\u00e7\u00e3o ou outros neg\u00f3cios com este Software sem autoriza\u00e7\u00e3o pr\u00e9via por escrito do detentor dos direitos de autor.<\/p>\n\n<p>\u00c9 concedida permiss\u00e3o a qualquer pessoa para utilizar este software para qualquer finalidade, incluindo aplica\u00e7\u00f5es comerciais ap\u00f3s acordo com a focalx.<\/p>\n\t\t\t\t\t\t\t\t<\/div>\n\t\t\t\t<\/div>\n\t\t\t\t\t<\/div>\n\t\t\t\t<\/div>\n\t\t\t\t<\/div>\n\t\t","protected":false},"excerpt":{"rendered":"<p>CONTRATO DE LICEN\u00c7A focalx, Vers\u00e3o (Todos) L\u00ea atentamente os termos deste contrato de licen\u00e7a e quaisquer termos de licen\u00e7a suplementares [&hellip;]<\/p>\n","protected":false},"author":1,"featured_media":0,"parent":0,"menu_order":0,"comment_status":"closed","ping_status":"closed","template":"elementor_header_footer","meta":{"_acf_changed":false,"_seopress_robots_primary_cat":"","_seopress_titles_title":"","_seopress_titles_desc":"","_seopress_robots_index":"","content-type":"","site-sidebar-layout":"default","site-content-layout":"","ast-site-content-layout":"default","site-content-style":"default","site-sidebar-style":"default","ast-global-header-display":"","ast-banner-title-visibility":"","ast-main-header-display":"","ast-hfb-above-header-display":"","ast-hfb-below-header-display":"","ast-hfb-mobile-header-display":"","site-post-title":"","ast-breadcrumbs-content":"","ast-featured-img":"","footer-sml-layout":"","ast-disable-related-posts":"","theme-transparent-header-meta":"default","adv-header-id-meta":"","stick-header-meta":"","header-above-stick-meta":"","header-main-stick-meta":"","header-below-stick-meta":"","astra-migrate-meta-layouts":"set","ast-page-background-enabled":"default","ast-page-background-meta":{"desktop":{"background-color":"var(--ast-global-color-5)","background-image":"","background-repeat":"repeat","background-position":"center center","background-size":"auto","background-attachment":"scroll","background-type":"","background-media":"","overlay-type":"","overlay-color":"","overlay-opacity":"","overlay-gradient":""},"tablet":{"background-color":"","background-image":"","background-repeat":"repeat","background-position":"center center","background-size":"auto","background-attachment":"scroll","background-type":"","background-media":"","overlay-type":"","overlay-color":"","overlay-opacity":"","overlay-gradient":""},"mobile":{"background-color":"","background-image":"","background-repeat":"repeat","background-position":"center center","background-size":"auto","background-attachment":"scroll","background-type":"","background-media":"","overlay-type":"","overlay-color":"","overlay-opacity":"","overlay-gradient":""}},"ast-content-background-meta":{"desktop":{"background-color":"var(--ast-global-color-4)","background-image":"","background-repeat":"repeat","background-position":"center center","background-size":"auto","background-attachment":"scroll","background-type":"","background-media":"","overlay-type":"","overlay-color":"","overlay-opacity":"","overlay-gradient":""},"tablet":{"background-color":"var(--ast-global-color-4)","background-image":"","background-repeat":"repeat","background-position":"center center","background-size":"auto","background-attachment":"scroll","background-type":"","background-media":"","overlay-type":"","overlay-color":"","overlay-opacity":"","overlay-gradient":""},"mobile":{"background-color":"var(--ast-global-color-4)","background-image":"","background-repeat":"repeat","background-position":"center center","background-size":"auto","background-attachment":"scroll","background-type":"","background-media":"","overlay-type":"","overlay-color":"","overlay-opacity":"","overlay-gradient":""}},"footnotes":""},"class_list":["post-7199","page","type-page","status-publish","hentry"],"acf":[],"_links":{"self":[{"href":"https:\/\/focalx.ai\/pt-pt\/wp-json\/wp\/v2\/pages\/7199","targetHints":{"allow":["GET"]}}],"collection":[{"href":"https:\/\/focalx.ai\/pt-pt\/wp-json\/wp\/v2\/pages"}],"about":[{"href":"https:\/\/focalx.ai\/pt-pt\/wp-json\/wp\/v2\/types\/page"}],"author":[{"embeddable":true,"href":"https:\/\/focalx.ai\/pt-pt\/wp-json\/wp\/v2\/users\/1"}],"replies":[{"embeddable":true,"href":"https:\/\/focalx.ai\/pt-pt\/wp-json\/wp\/v2\/comments?post=7199"}],"version-history":[{"count":0,"href":"https:\/\/focalx.ai\/pt-pt\/wp-json\/wp\/v2\/pages\/7199\/revisions"}],"wp:attachment":[{"href":"https:\/\/focalx.ai\/pt-pt\/wp-json\/wp\/v2\/media?parent=7199"}],"curies":[{"name":"wp","href":"https:\/\/api.w.org\/{rel}","templated":true}]}}