{"id":6363,"date":"2025-02-21T05:14:16","date_gmt":"2025-02-21T05:14:16","guid":{"rendered":"https:\/\/focalx.ai\/pagina-do-formulario-de-contacto-do-hubspot\/"},"modified":"2026-04-25T19:19:31","modified_gmt":"2026-04-25T19:19:31","slug":"comecar","status":"publish","type":"page","link":"https:\/\/focalx.ai\/pt-pt\/comecar\/","title":{"rendered":"Solicite uma demo"},"content":{"rendered":"<h1>Solicita uma demonstra\u00e7\u00e3o<\/h1>\n<p>Obt\u00e9m acesso exclusivo ao conjunto de ferramentas focalx e experimenta-o tu mesmo<\/p>\n<p><img loading=\"lazy\" decoding=\"async\" src=\"http:\/\/focalx.ai\/wp-content\/uploads\/2025\/04\/car_scan_1-min-768x325.png\" sizes=\"auto, (max-width: 768px) 100vw, 768px\" srcset=\"https:\/\/focalx.ai\/wp-content\/uploads\/2025\/04\/car_scan_1-min-768x325.png 768w, https:\/\/focalx.ai\/wp-content\/uploads\/2025\/04\/car_scan_1-min-300x127.png 300w, https:\/\/focalx.ai\/wp-content\/uploads\/2025\/04\/car_scan_1-min.png 857w\" alt=\"\" width=\"768\" height=\"325\" \/><\/p>\n","protected":false},"excerpt":{"rendered":"<p>Solicita uma demonstra\u00e7\u00e3o Obt\u00e9m acesso exclusivo ao conjunto de ferramentas focalx e experimenta-o tu mesmo<\/p>\n","protected":false},"author":12,"featured_media":0,"parent":0,"menu_order":0,"comment_status":"closed","ping_status":"closed","template":"elementor_header_footer","meta":{"_acf_changed":false,"_seopress_robots_primary_cat":"","_seopress_titles_title":"Marca uma demonstra\u00e7\u00e3o e contacta - Focalx","_seopress_titles_desc":"Marca uma demonstra\u00e7\u00e3o hoje e recebe uma introdu\u00e7\u00e3o ao nosso sistema ou ouve mais sobre o que podemos fazer pela tua empresa.","_seopress_robots_index":"","content-type":"","site-sidebar-layout":"default","site-content-layout":"","ast-site-content-layout":"default","site-content-style":"default","site-sidebar-style":"default","ast-global-header-display":"","ast-banner-title-visibility":"","ast-main-header-display":"","ast-hfb-above-header-display":"","ast-hfb-below-header-display":"","ast-hfb-mobile-header-display":"","site-post-title":"","ast-breadcrumbs-content":"","ast-featured-img":"","footer-sml-layout":"","ast-disable-related-posts":"","theme-transparent-header-meta":"default","adv-header-id-meta":"","stick-header-meta":"","header-above-stick-meta":"","header-main-stick-meta":"","header-below-stick-meta":"","astra-migrate-meta-layouts":"set","ast-page-background-enabled":"default","ast-page-background-meta":{"desktop":{"background-color":"var(--ast-global-color-5)","background-image":"","background-repeat":"repeat","background-position":"center center","background-size":"auto","background-attachment":"scroll","background-type":"","background-media":"","overlay-type":"","overlay-color":"","overlay-opacity":"","overlay-gradient":""},"tablet":{"background-color":"","background-image":"","background-repeat":"repeat","background-position":"center center","background-size":"auto","background-attachment":"scroll","background-type":"","background-media":"","overlay-type":"","overlay-color":"","overlay-opacity":"","overlay-gradient":""},"mobile":{"background-color":"","background-image":"","background-repeat":"repeat","background-position":"center center","background-size":"auto","background-attachment":"scroll","background-type":"","background-media":"","overlay-type":"","overlay-color":"","overlay-opacity":"","overlay-gradient":""}},"ast-content-background-meta":{"desktop":{"background-color":"var(--ast-global-color-4)","background-image":"","background-repeat":"repeat","background-position":"center center","background-size":"auto","background-attachment":"scroll","background-type":"","background-media":"","overlay-type":"","overlay-color":"","overlay-opacity":"","overlay-gradient":""},"tablet":{"background-color":"var(--ast-global-color-4)","background-image":"","background-repeat":"repeat","background-position":"center center","background-size":"auto","background-attachment":"scroll","background-type":"","background-media":"","overlay-type":"","overlay-color":"","overlay-opacity":"","overlay-gradient":""},"mobile":{"background-color":"var(--ast-global-color-4)","background-image":"","background-repeat":"repeat","background-position":"center center","background-size":"auto","background-attachment":"scroll","background-type":"","background-media":"","overlay-type":"","overlay-color":"","overlay-opacity":"","overlay-gradient":""}},"footnotes":""},"class_list":["post-6363","page","type-page","status-publish","hentry"],"acf":[],"_links":{"self":[{"href":"https:\/\/focalx.ai\/pt-pt\/wp-json\/wp\/v2\/pages\/6363","targetHints":{"allow":["GET"]}}],"collection":[{"href":"https:\/\/focalx.ai\/pt-pt\/wp-json\/wp\/v2\/pages"}],"about":[{"href":"https:\/\/focalx.ai\/pt-pt\/wp-json\/wp\/v2\/types\/page"}],"author":[{"embeddable":true,"href":"https:\/\/focalx.ai\/pt-pt\/wp-json\/wp\/v2\/users\/12"}],"replies":[{"embeddable":true,"href":"https:\/\/focalx.ai\/pt-pt\/wp-json\/wp\/v2\/comments?post=6363"}],"version-history":[{"count":3,"href":"https:\/\/focalx.ai\/pt-pt\/wp-json\/wp\/v2\/pages\/6363\/revisions"}],"predecessor-version":[{"id":14903,"href":"https:\/\/focalx.ai\/pt-pt\/wp-json\/wp\/v2\/pages\/6363\/revisions\/14903"}],"wp:attachment":[{"href":"https:\/\/focalx.ai\/pt-pt\/wp-json\/wp\/v2\/media?parent=6363"}],"curies":[{"name":"wp","href":"https:\/\/api.w.org\/{rel}","templated":true}]}}