{"id":7216,"date":"2024-03-11T16:24:16","date_gmt":"2024-03-11T16:24:16","guid":{"rendered":"https:\/\/focalx.ai\/politique-de-confidentialite\/"},"modified":"2025-12-25T15:46:10","modified_gmt":"2025-12-25T15:46:10","slug":"politique-de-confidentialite","status":"publish","type":"page","link":"https:\/\/focalx.ai\/fr\/politique-de-confidentialite\/","title":{"rendered":"Politique de confidentialit\u00e9"},"content":{"rendered":"\t\t<div data-elementor-type=\"wp-page\" data-elementor-id=\"7216\" class=\"elementor elementor-7216 elementor-300\" data-elementor-post-type=\"page\">\n\t\t\t\t<div class=\"elementor-element elementor-element-6214d13d e-flex e-con-boxed e-con e-parent\" data-id=\"6214d13d\" data-element_type=\"container\" data-e-type=\"container\">\n\t\t\t\t\t<div class=\"e-con-inner\">\n\t\t\t\t<div class=\"elementor-element elementor-element-193fc2f elementor-widget elementor-widget-text-editor\" data-id=\"193fc2f\" data-element_type=\"widget\" data-e-type=\"widget\" data-widget_type=\"text-editor.default\">\n\t\t\t\t<div class=\"elementor-widget-container\">\n\t\t\t\t\t\t\t\t\t\n<h1 class=\"wp-block-heading\">Politique de confidentialit\u00e9<\/h1>\n\n<h3 class=\"wp-block-heading\">Introduction :<\/h3>\n\n<p>Chez Focalx, nous sommes sp\u00e9cialis\u00e9s dans la fourniture de solutions logicielles destin\u00e9es exclusivement aux clients B2B (business-to-business). Nous nous engageons \u00e0 fournir un service exceptionnel tout en garantissant le plus grand respect de la confidentialit\u00e9 et de la s\u00e9curit\u00e9 des donn\u00e9es. Cette politique de confidentialit\u00e9 d\u00e9crit les termes et conditions convenus avec nos clients, clarifiant notre r\u00f4le et nos responsabilit\u00e9s dans le traitement et la protection des donn\u00e9es.  <\/p>\n\n<h3 class=\"wp-block-heading\">Notre r\u00f4le en tant que responsable du traitement des donn\u00e9es :<\/h3>\n\n<p>Dans ses interactions avec les clients, Focalx agit strictement en tant que processeur de donn\u00e9es. Cela signifie que nous traitons les donn\u00e9es pour le compte de nos clients B2B, qui sont les responsables du traitement. Nos activit\u00e9s sont toujours align\u00e9es sur les instructions et les lignes directrices fournies par nos clients, et nous nous engageons \u00e0 traiter les donn\u00e9es conform\u00e9ment \u00e0 ces directives et aux lois applicables en mati\u00e8re de protection des donn\u00e9es.  <\/p>\n\n<h3 class=\"wp-block-heading\">Pour les utilisateurs de l&rsquo;application mobile :<\/h3>\n\n<p>Si vous \u00eates un utilisateur de notre application mobile, que ce soit en tant qu&rsquo;employ\u00e9 de notre client direct ou en tant que client utilisant l&rsquo;application par le biais des services de notre client, veuillez noter que votre utilisation de l&rsquo;application rel\u00e8ve des politiques de gestion des donn\u00e9es de l&rsquo;organisation qui est notre client. Nous vous recommandons de consulter la politique de confidentialit\u00e9 de votre employeur ou de l&rsquo;entreprise qui vous fournit l&rsquo;acc\u00e8s \u00e0 notre application, en conjonction avec le pr\u00e9sent document. Notre r\u00f4le \u00e0 l&rsquo;\u00e9gard de vos donn\u00e9es est de les traiter selon les instructions de notre client, qu&rsquo;il s&rsquo;agisse de votre employeur ou du prestataire de services avec lequel vous vous engagez. Nous nous engageons \u00e0 veiller \u00e0 ce que vos droits \u00e0 la vie priv\u00e9e soient respect\u00e9s et prot\u00e9g\u00e9s conform\u00e9ment \u00e0 notre politique et \u00e0 celle de l&rsquo;organisation par laquelle vous acc\u00e9dez \u00e0 nos services.   <\/p>\n\n<h3 class=\"wp-block-heading\">Garantir la confidentialit\u00e9 des donn\u00e9es et la conformit\u00e9 :<\/h3>\n\n<p>Les sections suivantes de la pr\u00e9sente politique de confidentialit\u00e9 d\u00e9taillent la mani\u00e8re dont Focalx traite et prot\u00e8ge les donn\u00e9es, notre engagement en mati\u00e8re de s\u00e9curit\u00e9 et nos pratiques en conformit\u00e9 avec les r\u00e9glementations pertinentes en mati\u00e8re de protection des donn\u00e9es, y compris le R\u00e8glement g\u00e9n\u00e9ral sur la protection des donn\u00e9es (RGPD). Nous nous engageons \u00e0 faire preuve de transparence dans nos activit\u00e9s de traitement des donn\u00e9es et \u00e0 pr\u00e9server la confidentialit\u00e9 de toutes les donn\u00e9es qui nous sont confi\u00e9es par nos clients. <\/p>\n\n<ul>\n<li>Collecte d&rsquo;informations :<\/li>\n\n<li>Nous collectons des types de donn\u00e9es personnelles tels que<\/li>\n\n<li>Nom (utilisateurs de la plate-forme Focalx)<\/li>\n\n<li>-Adresse \u00e9lectronique (utilisateurs de la plateforme Focalx)<\/li>\n\n<li>-Num\u00e9ros d&rsquo;identification des v\u00e9hicules (VIN)<\/li>\n\n<li>-Plaques d&rsquo;immatriculation (le cas \u00e9ch\u00e9ant)<\/li>\n\n<li>-Localisation et horodatage (uniquement lors d&rsquo;une inspection et avec le consentement pr\u00e9alable de l&rsquo;utilisateur de l&rsquo;application mobile)<\/li>\n<\/ul>\n\n<ul>\n<li>Traitement et utilisation des donn\u00e9es :<\/li>\n\n<li>Nous traitons les donn\u00e9es personnelles sur la base suivante :<\/li>\n\n<li>Article 6, paragraphe 1, point a), du r\u00e8glement g\u00e9n\u00e9ral sur la protection des donn\u00e9es (RGPD) pour le consentement.<\/li>\n\n<li>L&rsquo;article 6, paragraphe 1, point f), du RGPD est consid\u00e9r\u00e9 comme n\u00e9cessaire aux fins des int\u00e9r\u00eats l\u00e9gitimes que nous poursuivons. Nos int\u00e9r\u00eats l\u00e9gitimes comprennent la fourniture des services que vous demandez et le d\u00e9veloppement des services en ce qui concerne l&rsquo;utilisateur et la fonctionnalit\u00e9 du syst\u00e8me, etc. <\/li>\n<\/ul>\n\n<h3 class=\"wp-block-heading\">Partage et divulgation des donn\u00e9es :<\/h3>\n\n<p>Des sous-traitants secondaires sont utilis\u00e9s dans le cadre de l&rsquo;accord, des entit\u00e9s telles qu&rsquo;Amazon Web Services (AWS), Intercom, Inc. et Mixpanel International, Inc. \u00e9tant des sous-traitants secondaires agr\u00e9\u00e9s. Des conditions sp\u00e9cifiques s&rsquo;appliquent \u00e0 l&rsquo;engagement de sous-traitants secondaires, y compris l&rsquo;exigence d&rsquo;une autorisation \u00e9crite g\u00e9n\u00e9rale pr\u00e9alable du responsable du traitement des donn\u00e9es et une p\u00e9riode de pr\u00e9avis de 30 jours pour tout changement. <\/p>\n\n<h3 class=\"wp-block-heading\">S\u00e9curit\u00e9 et confidentialit\u00e9 des donn\u00e9es :<\/h3>\n\n<p>Le sous-traitant est tenu de pr\u00e9server la confidentialit\u00e9 des donn\u00e9es \u00e0 caract\u00e8re personnel et de mettre en \u0153uvre des mesures de s\u00e9curit\u00e9 techniques et organisationnelles appropri\u00e9es. Nous avons pr\u00e9vu des dispositions pour notifier au responsable du traitement toute violation de donn\u00e9es \u00e0 caract\u00e8re personnel et pour l&rsquo;aider \u00e0 att\u00e9nuer tout dommage potentiel. <\/p>\n\n<h3 class=\"wp-block-heading\">Transferts internationaux de donn\u00e9es :<\/h3>\n\n<p>Les transferts de donn\u00e9es \u00e0 caract\u00e8re personnel vers des pays tiers ou des organisations internationales ne doivent \u00eatre effectu\u00e9s que sur la base d&rsquo;instructions document\u00e9es du responsable du traitement des donn\u00e9es et conform\u00e9ment au chapitre V du GDPR.<\/p>\n\n<h3 class=\"wp-block-heading\">Droits des utilisateurs d&rsquo;applications mobiles :<\/h3>\n\n<p>Les utilisateurs d&rsquo;applications mobiles ont le droit de demander l&rsquo;acc\u00e8s, la rectification ou l&rsquo;effacement de leurs donn\u00e9es \u00e0 caract\u00e8re personnel. Ils ont \u00e9galement le droit de s&rsquo;opposer au traitement de leurs donn\u00e9es \u00e0 caract\u00e8re personnel et d&rsquo;en limiter le traitement. En particulier, les utilisateurs d&rsquo;applications mobiles ont le droit absolu de s&rsquo;opposer au traitement de leurs donn\u00e9es \u00e0 caract\u00e8re personnel \u00e0 des fins de marketing direct. Si le traitement de leurs donn\u00e9es \u00e0 caract\u00e8re personnel est fond\u00e9 sur leur consentement, ils ont le droit de retirer leur consentement \u00e0 tout moment ; toutefois, ce retrait n&rsquo;affecte pas la l\u00e9galit\u00e9 du traitement effectu\u00e9 avant le retrait du consentement. Les utilisateurs d&rsquo;applications mobiles ont le droit de recevoir leurs donn\u00e9es \u00e0 caract\u00e8re personnel dans un format structur\u00e9, couramment utilis\u00e9 et lisible par machine (portabilit\u00e9 des donn\u00e9es). Ils ont \u00e9galement le droit de d\u00e9poser une plainte aupr\u00e8s d&rsquo;une autorit\u00e9 de contr\u00f4le de la protection des donn\u00e9es, telle que l&rsquo;Agence danoise de protection des donn\u00e9es (Datatilsynet), \u00e0 tout moment. Si les utilisateurs de l&rsquo;application mobile souhaitent faire valoir leurs droits, veuillez nous contacter \u00e0 l&rsquo;adresse <a href=\"mailto:support@focalx.ai\">support@focalx.ai.<\/a> Ces droits peuvent \u00eatre soumis \u00e0 des conditions ou \u00e0 des restrictions ; il se peut donc que les utilisateurs de l&rsquo;application mobile n&rsquo;aient pas le droit \u00e0 la portabilit\u00e9 des donn\u00e9es dans un cas pr\u00e9cis - cela d\u00e9pendra des circonstances sp\u00e9cifiques des activit\u00e9s de traitement.       <\/p>\n\n<h3 class=\"wp-block-heading\">Droits et obligations du contr\u00f4leur des donn\u00e9es :<\/h3>\n\n<p>Le responsable du traitement a le droit et l&rsquo;obligation de prendre des d\u00e9cisions concernant les finalit\u00e9s et les moyens du traitement des donn\u00e9es \u00e0 caract\u00e8re personnel. Le responsable du traitement est charg\u00e9 de veiller \u00e0 ce que le traitement ait une base juridique et soit conforme au GDPR. <\/p>\n\n<h3 class=\"wp-block-heading\">R\u00f4le et instructions du responsable du traitement des donn\u00e9es :<\/h3>\n\n<p>Le sous-traitant des donn\u00e9es, Focalx Aps, traite les donn\u00e9es \u00e0 caract\u00e8re personnel uniquement sur la base d&rsquo;instructions document\u00e9es du responsable du traitement des donn\u00e9es. Le sous-traitant doit informer le responsable du traitement des donn\u00e9es si des instructions contreviennent au GDPR ou \u00e0 d&rsquo;autres dispositions applicables en mati\u00e8re de protection des donn\u00e9es. <\/p>\n\n<h3 class=\"wp-block-heading\">Audit et inspection :<\/h3>\n\n<p>Des dispositions sont en place pour que le responsable du traitement des donn\u00e9es effectue des audits et des inspections afin de garantir le respect du GDPR et des obligations en mati\u00e8re de traitement des donn\u00e9es.<\/p>\n\n<h3 class=\"wp-block-heading\">Modifications de la politique de confidentialit\u00e9 :<\/h3>\n\n<p>En cas de modification de la pr\u00e9sente politique de confidentialit\u00e9, les clients de Focalx recevront un courrier \u00e9lectronique ou seront inform\u00e9s par message push via l&rsquo;application en fonction des modifications.<\/p>\n\t\t\t\t\t\t\t\t<\/div>\n\t\t\t\t<\/div>\n\t\t\t\t\t<\/div>\n\t\t\t\t<\/div>\n\t\t\t\t<\/div>\n\t\t","protected":false},"excerpt":{"rendered":"<p>Politique de confidentialit\u00e9 Introduction : Chez Focalx, nous sommes sp\u00e9cialis\u00e9s dans la fourniture de solutions logicielles destin\u00e9es exclusivement aux clients [&hellip;]<\/p>\n","protected":false},"author":1,"featured_media":0,"parent":0,"menu_order":0,"comment_status":"closed","ping_status":"closed","template":"elementor_header_footer","meta":{"_acf_changed":false,"_seopress_robots_primary_cat":"","_seopress_titles_title":"Politique de Confidentialit\u00e9 FocalX et Protection des Donn\u00e9es","_seopress_titles_desc":"Consultez la politique de confidentialit\u00e9 de FocalX pour comprendre quelles donn\u00e9es sont collect\u00e9es comment elles sont utilis\u00e9es et comment vos informations sont prot\u00e9g\u00e9es.","_seopress_robots_index":"","content-type":"","site-sidebar-layout":"default","site-content-layout":"","ast-site-content-layout":"default","site-content-style":"default","site-sidebar-style":"default","ast-global-header-display":"","ast-banner-title-visibility":"","ast-main-header-display":"","ast-hfb-above-header-display":"","ast-hfb-below-header-display":"","ast-hfb-mobile-header-display":"","site-post-title":"","ast-breadcrumbs-content":"","ast-featured-img":"","footer-sml-layout":"","ast-disable-related-posts":"","theme-transparent-header-meta":"default","adv-header-id-meta":"","stick-header-meta":"","header-above-stick-meta":"","header-main-stick-meta":"","header-below-stick-meta":"","astra-migrate-meta-layouts":"set","ast-page-background-enabled":"default","ast-page-background-meta":{"desktop":{"background-color":"var(--ast-global-color-5)","background-image":"","background-repeat":"repeat","background-position":"center center","background-size":"auto","background-attachment":"scroll","background-type":"","background-media":"","overlay-type":"","overlay-color":"","overlay-opacity":"","overlay-gradient":""},"tablet":{"background-color":"","background-image":"","background-repeat":"repeat","background-position":"center center","background-size":"auto","background-attachment":"scroll","background-type":"","background-media":"","overlay-type":"","overlay-color":"","overlay-opacity":"","overlay-gradient":""},"mobile":{"background-color":"","background-image":"","background-repeat":"repeat","background-position":"center center","background-size":"auto","background-attachment":"scroll","background-type":"","background-media":"","overlay-type":"","overlay-color":"","overlay-opacity":"","overlay-gradient":""}},"ast-content-background-meta":{"desktop":{"background-color":"var(--ast-global-color-4)","background-image":"","background-repeat":"repeat","background-position":"center center","background-size":"auto","background-attachment":"scroll","background-type":"","background-media":"","overlay-type":"","overlay-color":"","overlay-opacity":"","overlay-gradient":""},"tablet":{"background-color":"var(--ast-global-color-4)","background-image":"","background-repeat":"repeat","background-position":"center center","background-size":"auto","background-attachment":"scroll","background-type":"","background-media":"","overlay-type":"","overlay-color":"","overlay-opacity":"","overlay-gradient":""},"mobile":{"background-color":"var(--ast-global-color-4)","background-image":"","background-repeat":"repeat","background-position":"center center","background-size":"auto","background-attachment":"scroll","background-type":"","background-media":"","overlay-type":"","overlay-color":"","overlay-opacity":"","overlay-gradient":""}},"footnotes":""},"class_list":["post-7216","page","type-page","status-publish","hentry"],"acf":[],"_links":{"self":[{"href":"https:\/\/focalx.ai\/fr\/wp-json\/wp\/v2\/pages\/7216","targetHints":{"allow":["GET"]}}],"collection":[{"href":"https:\/\/focalx.ai\/fr\/wp-json\/wp\/v2\/pages"}],"about":[{"href":"https:\/\/focalx.ai\/fr\/wp-json\/wp\/v2\/types\/page"}],"author":[{"embeddable":true,"href":"https:\/\/focalx.ai\/fr\/wp-json\/wp\/v2\/users\/1"}],"replies":[{"embeddable":true,"href":"https:\/\/focalx.ai\/fr\/wp-json\/wp\/v2\/comments?post=7216"}],"version-history":[{"count":0,"href":"https:\/\/focalx.ai\/fr\/wp-json\/wp\/v2\/pages\/7216\/revisions"}],"wp:attachment":[{"href":"https:\/\/focalx.ai\/fr\/wp-json\/wp\/v2\/media?parent=7216"}],"curies":[{"name":"wp","href":"https:\/\/api.w.org\/{rel}","templated":true}]}}