{"id":7202,"date":"2024-03-11T16:17:57","date_gmt":"2024-03-11T16:17:57","guid":{"rendered":"https:\/\/focalx.ai\/conditions-dutilisation\/"},"modified":"2025-12-25T15:48:03","modified_gmt":"2025-12-25T15:48:03","slug":"conditions-dutilisation","status":"publish","type":"page","link":"https:\/\/focalx.ai\/fr\/conditions-dutilisation\/","title":{"rendered":"Conditions d&rsquo;utilisation"},"content":{"rendered":"\t\t<div data-elementor-type=\"wp-page\" data-elementor-id=\"7202\" class=\"elementor elementor-7202 elementor-298\" data-elementor-post-type=\"page\">\n\t\t\t\t<div class=\"elementor-element elementor-element-3df43aa1 e-flex e-con-boxed e-con e-parent\" data-id=\"3df43aa1\" data-element_type=\"container\" data-e-type=\"container\">\n\t\t\t\t\t<div class=\"e-con-inner\">\n\t\t\t\t<div class=\"elementor-element elementor-element-2b0105b0 elementor-widget elementor-widget-text-editor\" data-id=\"2b0105b0\" data-element_type=\"widget\" data-e-type=\"widget\" data-widget_type=\"text-editor.default\">\n\t\t\t\t<div class=\"elementor-widget-container\">\n\t\t\t\t\t\t\t\t\t<h1 class=\"wp-block-heading\">ACCORD DE LICENCE<\/h1><h2 class=\"wp-block-heading\">focalx, Version (Tous)<\/h2><p>Lisez attentivement les termes de ce contrat de licence et toute condition de licence suppl\u00e9mentaire fournie avant l&rsquo;installation (collectivement \u00ab\u00a0Contrat\u00a0\u00bb). En cas de contradiction entre le pr\u00e9sent contrat de licence et les conditions de licence suppl\u00e9mentaires fournies, les conditions de licence suppl\u00e9mentaires pr\u00e9vaudront. Le logiciel auquel s&rsquo;applique le pr\u00e9sent contrat est prot\u00e9g\u00e9 par la loi sur les droits d&rsquo;auteur et d&rsquo;autres lois, r\u00e8glements et accords internationaux sur la propri\u00e9t\u00e9 intellectuelle. En installant, en utilisant ou en copiant le logiciel, vous acceptez d&rsquo;\u00eatre li\u00e9 par les termes de ce contrat.<\/p><p>Focalx<\/p><p>Copyright \u00a9 2023<br \/>focalx.ai<\/p><h2 class=\"wp-block-heading\">1. LICENCE D&rsquo;UTILISATION :<\/h2><p>FocalX ApS (\u00ab\u00a0focalx\u00a0\u00bb) vous accorde une licence non exclusive et non transf\u00e9rable pour l&rsquo;utilisation du logiciel et de la documentation qui l&rsquo;accompagnent (collectivement le \u00ab\u00a0Logiciel\u00a0\u00bb)<\/p><h2 class=\"wp-block-heading\">2. RESTRICTIONS :<\/h2><p>Le logiciel est prot\u00e9g\u00e9 par des droits de propri\u00e9t\u00e9 intellectuelle. Le titre du logiciel et tous les droits de propri\u00e9t\u00e9 intellectuelle associ\u00e9s, y compris, mais sans s&rsquo;y limiter, toutes les modifications, am\u00e9liorations et r\u00e9visions du logiciel, sont conserv\u00e9s par focalx et\/ou ses conc\u00e9dants de licence. Sauf si l&rsquo;ex\u00e9cution est interdite par la loi applicable, vous ne pouvez pas modifier, d\u00e9compiler ou d\u00e9sosser le logiciel. Aucun droit, titre ou int\u00e9r\u00eat sur une marque, une marque de service, un logo ou un nom commercial de focalx ou de ses conc\u00e9dants n&rsquo;est accord\u00e9 dans le cadre de cet accord.<\/p><h2 class=\"wp-block-heading\">3. EXCLUSION DE GARANTIE :<\/h2><p>Le logiciel est fourni \u00a0\u00bb en l&rsquo;\u00e9tat \u00ab\u00a0. Sans limiter ce qui pr\u00e9c\u00e8de, focalx ne garantit pas que le Logiciel est exempt d&rsquo;erreurs ou qu&rsquo;il fonctionnera sans bogues, virus, pertes de donn\u00e9es ou interruptions. Votre seul recours et l&rsquo;enti\u00e8re responsabilit\u00e9 de focalx dans le cadre de cette garantie limit\u00e9e sera le remplacement du Logiciel par focalx. Toutes les conditions, repr\u00e9sentations et garanties expresses ou implicites, y compris toute garantie implicite de qualit\u00e9 marchande, d&rsquo;ad\u00e9quation \u00e0 un usage particulier ou d&rsquo;absence de contrefa\u00e7on sont rejet\u00e9es par focalx, sauf dans la mesure o\u00f9 ces clauses de non-responsabilit\u00e9 sont consid\u00e9r\u00e9es comme l\u00e9galement invalides.<\/p><h2 class=\"wp-block-heading\">4. LIMITATION DE LA RESPONSABILIT\u00c9 :<\/h2><p>DANS LA MESURE OU LA LOI NE L&rsquo;INTERDIT PAS, FOCALX OU SES CONC\u00c9DANTS DE LICENCE NE SERONT EN AUCUN CAS RESPONSABLES DES PERTES DE REVENUS, DE PROFITS OU DE DONN\u00c9ES, OU DES DOMMAGES SP\u00c9CIAUX, INDIRECTS, CONS\u00c9CUTIFS, ACCESSOIRES OU PUNITIFS, QUELLE QU&rsquo;EN SOIT LA CAUSE ET QUELLE QUE SOIT LA TH\u00c9ORIE DE LA RESPONSABILIT\u00c9, R\u00c9SULTANT DE OU LI\u00c9S \u00c0 L&rsquo;UTILISATION OU \u00c0 L&rsquo;INCAPACIT\u00c9 D&rsquo;UTILISER LE LOGICIEL, M\u00caME SI FOCALX A \u00c9T\u00c9 AVERTI DE LA POSSIBILIT\u00c9 DE TELS DOMMAGES. EN AUCUN CAS, LA RESPONSABILIT\u00c9 DE FOCALX ENVERS VOUS, QU&rsquo;ELLE SOIT CONTRACTUELLE, D\u00c9LICTUELLE (Y COMPRIS LA N\u00c9GLIGENCE) OU AUTRE, NE D\u00c9PASSERA LE MONTANT QUE VOUS AVEZ PAY\u00c9 POUR LE LOGICIEL DANS LE CADRE DE CE CONTRAT. LES LIMITATIONS PR\u00c9C\u00c9DENTES S&rsquo;APPLIQUENT M\u00caME SI LA GARANTIE SUSMENTIONN\u00c9E NE REMPLIT PAS SON OBJECTIF ESSENTIEL.<\/p><h2 class=\"wp-block-heading\">5. R\u00c9SILIATION :<\/h2><p>Le pr\u00e9sent accord est valable jusqu&rsquo;\u00e0 ce qu&rsquo;il soit r\u00e9sili\u00e9. Vous pouvez r\u00e9silier ce Contrat \u00e0 tout moment en d\u00e9sinstallant le Logiciel et en d\u00e9truisant toutes les copies du Logiciel. Le pr\u00e9sent accord sera r\u00e9sili\u00e9 imm\u00e9diatement sans pr\u00e9avis de la part de focalx si vous ne vous conformez pas \u00e0 l&rsquo;une des dispositions du pr\u00e9sent accord. Lors de la r\u00e9siliation, vous devez d\u00e9sinstaller le logiciel et d\u00e9truire toutes les copies du logiciel.<\/p><p>FocalX ApS<br \/>Danemark<\/p><p>www.focalx.ai<\/p><p>LE LOGICIEL EST FOURNI \u00ab\u00a0TEL QUEL\u00a0\u00bb, SANS GARANTIE D&rsquo;AUCUNE SORTE, EXPRESSE OU IMPLICITE, Y COMPRIS, MAIS SANS S&rsquo;Y LIMITER, LES GARANTIES DE QUALIT\u00c9 MARCHANDE, D&rsquo;AD\u00c9QUATION \u00c0 UN USAGE PARTICULIER ET DE NON-VIOLATION DES DROITS DES TIERS. EN AUCUN CAS, LES AUTEURS OU LES D\u00c9TENTEURS DES DROITS D&rsquo;AUTEUR NE PEUVENT \u00caTRE TENUS RESPONSABLES D&rsquo;UNE QUELCONQUE R\u00c9CLAMATION, D&rsquo;UN QUELCONQUE DOMMAGE OU D&rsquo;UNE QUELCONQUE RESPONSABILIT\u00c9, QUE CE SOIT DANS LE CADRE D&rsquo;UNE ACTION CONTRACTUELLE, D\u00c9LICTUELLE OU AUTRE, D\u00c9COULANT DU LOGICIEL, DE SON UTILISATION OU DE TOUTE AUTRE OP\u00c9RATION LI\u00c9E AU LOGICIEL.<\/p><p>\u00c0 l&rsquo;exception de ce qui est indiqu\u00e9 dans le pr\u00e9sent avis, le nom d&rsquo;un d\u00e9tenteur de droits d&rsquo;auteur ne doit pas \u00eatre utilis\u00e9 \u00e0 des fins publicitaires ou pour promouvoir la vente, l&rsquo;utilisation ou d&rsquo;autres op\u00e9rations relatives \u00e0 ce logiciel sans l&rsquo;autorisation \u00e9crite pr\u00e9alable du d\u00e9tenteur des droits d&rsquo;auteur.<\/p><p>L&rsquo;autorisation est accord\u00e9e \u00e0 quiconque d&rsquo;utiliser ce logiciel \u00e0 toutes fins, y compris commerciales, apr\u00e8s accord avec focalx.<\/p>\t\t\t\t\t\t\t\t<\/div>\n\t\t\t\t<\/div>\n\t\t\t\t\t<\/div>\n\t\t\t\t<\/div>\n\t\t\t\t<\/div>\n\t\t","protected":false},"excerpt":{"rendered":"<p>ACCORD DE LICENCE focalx, Version (Tous) Lisez attentivement les termes de ce contrat de licence et toute condition de licence [&hellip;]<\/p>\n","protected":false},"author":1,"featured_media":0,"parent":0,"menu_order":0,"comment_status":"closed","ping_status":"closed","template":"elementor_header_footer","meta":{"_acf_changed":false,"_seopress_robots_primary_cat":"","_seopress_titles_title":"","_seopress_titles_desc":"","_seopress_robots_index":"","content-type":"","site-sidebar-layout":"default","site-content-layout":"","ast-site-content-layout":"default","site-content-style":"default","site-sidebar-style":"default","ast-global-header-display":"","ast-banner-title-visibility":"","ast-main-header-display":"","ast-hfb-above-header-display":"","ast-hfb-below-header-display":"","ast-hfb-mobile-header-display":"","site-post-title":"","ast-breadcrumbs-content":"","ast-featured-img":"","footer-sml-layout":"","ast-disable-related-posts":"","theme-transparent-header-meta":"default","adv-header-id-meta":"","stick-header-meta":"","header-above-stick-meta":"","header-main-stick-meta":"","header-below-stick-meta":"","astra-migrate-meta-layouts":"set","ast-page-background-enabled":"default","ast-page-background-meta":{"desktop":{"background-color":"var(--ast-global-color-5)","background-image":"","background-repeat":"repeat","background-position":"center center","background-size":"auto","background-attachment":"scroll","background-type":"","background-media":"","overlay-type":"","overlay-color":"","overlay-opacity":"","overlay-gradient":""},"tablet":{"background-color":"","background-image":"","background-repeat":"repeat","background-position":"center center","background-size":"auto","background-attachment":"scroll","background-type":"","background-media":"","overlay-type":"","overlay-color":"","overlay-opacity":"","overlay-gradient":""},"mobile":{"background-color":"","background-image":"","background-repeat":"repeat","background-position":"center center","background-size":"auto","background-attachment":"scroll","background-type":"","background-media":"","overlay-type":"","overlay-color":"","overlay-opacity":"","overlay-gradient":""}},"ast-content-background-meta":{"desktop":{"background-color":"var(--ast-global-color-4)","background-image":"","background-repeat":"repeat","background-position":"center center","background-size":"auto","background-attachment":"scroll","background-type":"","background-media":"","overlay-type":"","overlay-color":"","overlay-opacity":"","overlay-gradient":""},"tablet":{"background-color":"var(--ast-global-color-4)","background-image":"","background-repeat":"repeat","background-position":"center center","background-size":"auto","background-attachment":"scroll","background-type":"","background-media":"","overlay-type":"","overlay-color":"","overlay-opacity":"","overlay-gradient":""},"mobile":{"background-color":"var(--ast-global-color-4)","background-image":"","background-repeat":"repeat","background-position":"center center","background-size":"auto","background-attachment":"scroll","background-type":"","background-media":"","overlay-type":"","overlay-color":"","overlay-opacity":"","overlay-gradient":""}},"footnotes":""},"class_list":["post-7202","page","type-page","status-publish","hentry"],"acf":[],"_links":{"self":[{"href":"https:\/\/focalx.ai\/fr\/wp-json\/wp\/v2\/pages\/7202","targetHints":{"allow":["GET"]}}],"collection":[{"href":"https:\/\/focalx.ai\/fr\/wp-json\/wp\/v2\/pages"}],"about":[{"href":"https:\/\/focalx.ai\/fr\/wp-json\/wp\/v2\/types\/page"}],"author":[{"embeddable":true,"href":"https:\/\/focalx.ai\/fr\/wp-json\/wp\/v2\/users\/1"}],"replies":[{"embeddable":true,"href":"https:\/\/focalx.ai\/fr\/wp-json\/wp\/v2\/comments?post=7202"}],"version-history":[{"count":0,"href":"https:\/\/focalx.ai\/fr\/wp-json\/wp\/v2\/pages\/7202\/revisions"}],"wp:attachment":[{"href":"https:\/\/focalx.ai\/fr\/wp-json\/wp\/v2\/media?parent=7202"}],"curies":[{"name":"wp","href":"https:\/\/api.w.org\/{rel}","templated":true}]}}