{"id":7195,"date":"2024-03-11T16:17:57","date_gmt":"2024-03-11T16:17:57","guid":{"rendered":"https:\/\/focalx.ai\/condiciones-de-uso\/"},"modified":"2025-12-25T15:49:11","modified_gmt":"2025-12-25T15:49:11","slug":"condiciones-de-uso","status":"publish","type":"page","link":"https:\/\/focalx.ai\/es\/condiciones-de-uso\/","title":{"rendered":"Condiciones de uso"},"content":{"rendered":"\t\t<div data-elementor-type=\"wp-page\" data-elementor-id=\"7195\" class=\"elementor elementor-7195 elementor-298\" data-elementor-post-type=\"page\">\n\t\t\t\t<div class=\"elementor-element elementor-element-3df43aa1 e-flex e-con-boxed e-con e-parent\" data-id=\"3df43aa1\" data-element_type=\"container\" data-e-type=\"container\">\n\t\t\t\t\t<div class=\"e-con-inner\">\n\t\t\t\t<div class=\"elementor-element elementor-element-2b0105b0 elementor-widget elementor-widget-text-editor\" data-id=\"2b0105b0\" data-element_type=\"widget\" data-e-type=\"widget\" data-widget_type=\"text-editor.default\">\n\t\t\t\t<div class=\"elementor-widget-container\">\n\t\t\t\t\t\t\t\t\t<h1 class=\"wp-block-heading\">ACUERDO DE LICENCIA<\/h1>\n\n<h3 class=\"wp-block-heading\">focalx, Versi\u00f3n (Todos)<\/h3>\n\n<p>Lee atentamente los t\u00e9rminos de este acuerdo de licencia y los t\u00e9rminos de licencia suplementarios proporcionados antes de la instalaci\u00f3n (colectivamente \u00abAcuerdo\u00bb ). En caso de contradicci\u00f3n entre este acuerdo de licencia y los t\u00e9rminos de licencia suplementarios proporcionados, prevalecer\u00e1n los t\u00e9rminos de licencia suplementarios. El software al que se aplica este Acuerdo est\u00e1 protegido por la ley de derechos de autor y otras leyes, normativas y acuerdos internacionales sobre propiedad intelectual. Al instalar, utilizar o copiar el software, aceptas quedar vinculado por los t\u00e9rminos de este Acuerdo.   <\/p>\n\n<p>Focalx<\/p>\n\n<p>Copyright \u00a9 2023<br>focalx.ai<\/p>\n\n<h3 class=\"wp-block-heading\">1. LICENCIA DE USO:<\/h3>\n\n<p>FocalX ApS (\u00abfocalx\u00bb) te concede una licencia no exclusiva e intransferible para el uso del software y la documentaci\u00f3n adjuntos (colectivamente \u00abSoftware\u00bb)<\/p>\n\n<h3 class=\"wp-block-heading\">2. RESTRICCIONES:<\/h3>\n\n<p>El Software est\u00e1 protegido por derechos de propiedad intelectual. La titularidad del Software y de todos los derechos de propiedad intelectual asociados, incluyendo, sin limitaci\u00f3n, cualquier modificaci\u00f3n, mejora y revisi\u00f3n del Software, corresponde a focalx y\/o a sus licenciantes. A menos que su aplicaci\u00f3n est\u00e9 prohibida por la legislaci\u00f3n aplicable, no podr\u00e1s modificar, descompilar ni aplicar ingenier\u00eda inversa al Software. En virtud del presente Contrato no se concede ning\u00fan derecho, t\u00edtulo o inter\u00e9s sobre ninguna marca comercial, marca de servicio, logotipo o nombre comercial de focalx o sus licenciantes.   <\/p>\n\n<h3 class=\"wp-block-heading\">3. EXCLUSI\u00d3N DE GARANT\u00cdAS:<\/h3>\n\n<p>El Software se proporciona \u00abTAL CUAL\u00bb. Sin perjuicio de lo anterior, focalx no garantiza que el Software est\u00e9 libre de errores o funcione sin fallos, virus, p\u00e9rdida de datos o interrupciones. Tu \u00fanico remedio y toda la responsabilidad de focalx en virtud de esta garant\u00eda limitada ser\u00e1 la sustituci\u00f3n del Software por focalx. focalx renuncia a todas las condiciones, declaraciones y garant\u00edas expresas o impl\u00edcitas, incluida cualquier garant\u00eda impl\u00edcita de comerciabilidad, idoneidad para un fin determinado o no infracci\u00f3n, salvo en la medida en que estas renuncias se consideren legalmente inv\u00e1lidas.   <\/p>\n\n<h3 class=\"wp-block-heading\">4. LIMITACI\u00d3N DE RESPONSABILIDAD:<\/h3>\n\n<p>EN LA MEDIDA EN QUE NO LO PROH\u00cdBA LA LEY, EN NING\u00daN CASO FOCALX O SUS LICENCIANTES SER\u00c1N RESPONSABLES DE NINGUNA P\u00c9RDIDA DE INGRESOS, BENEFICIOS O DATOS, NI DE DA\u00d1OS ESPECIALES, INDIRECTOS, CONSECUENTES, INCIDENTALES O PUNITIVOS, INDEPENDIENTEMENTE DE LA TEOR\u00cdA DE RESPONSABILIDAD, QUE SURJAN O EST\u00c9N RELACIONADOS CON EL USO O LA INCAPACIDAD DE USAR EL SOFTWARE, INCLUSO SI FOCALX HA SIDO ADVERTIDO DE LA POSIBILIDAD DE DICHOS DA\u00d1OS. EN NING\u00daN CASO LA RESPONSABILIDAD DE FOCALX ANTE TI, YA SEA CONTRACTUAL, EXTRACONTRACTUAL (INCLUIDA LA NEGLIGENCIA) O DE OTRO TIPO, SUPERAR\u00c1 EL IMPORTE PAGADO POR TI POR EL SOFTWARE EN VIRTUD DEL PRESENTE CONTRATO. LAS LIMITACIONES ANTERIORES SE APLICAR\u00c1N INCLUSO EN EL CASO DE QUE LA GARANT\u00cdA INDICADA ANTERIORMENTE NO CUMPLA SU FINALIDAD ESENCIAL.  <\/p>\n\n<h3 class=\"wp-block-heading\">5. RESCISI\u00d3N:<\/h3>\n<p>Este Acuerdo es efectivo hasta su rescisi\u00f3n. Puedes rescindir el presente Contrato en cualquier momento desinstalando el Software y destruyendo todas las copias del mismo. El presente Contrato se rescindir\u00e1 inmediatamente sin previo aviso por parte de focalx si no cumples alguna de sus disposiciones. Tras la Rescisi\u00f3n, deber\u00e1s desinstalar el Software y destruir todas las copias del mismo.   <\/p>\n\n<p>FocalX ApS<br>Dinamarca<\/p>\n\n<p>www.focalx.ai<\/p>\n\n<p>EL SOFTWARE SE PROPORCIONA \u00abTAL CUAL\u00bb, SIN GARANT\u00cdAS DE NING\u00daN TIPO, EXPRESAS O IMPL\u00cdCITAS, INCLUIDAS, ENTRE OTRAS, LAS GARANT\u00cdAS DE COMERCIABILIDAD, IDONEIDAD PARA UN FIN DETERMINADO Y NO INFRACCI\u00d3N DE DERECHOS DE TERCEROS. EN NING\u00daN CASO LOS AUTORES O LOS TITULARES DE LOS DERECHOS DE AUTOR SER\u00c1N RESPONSABLES DE NINGUNA RECLAMACI\u00d3N, DA\u00d1O U OTRA RESPONSABILIDAD, YA SEA EN UNA ACCI\u00d3N CONTRACTUAL, EXTRACONTRACTUAL O DE OTRO TIPO, QUE SURJA DE, O EST\u00c9 RELACIONADA CON EL SOFTWARE O EL USO U OTRAS OPERACIONES CON EL SOFTWARE. <\/p>\n\n<p>A excepci\u00f3n de lo contenido en este aviso, el nombre del titular de los derechos de autor no se utilizar\u00e1 en la publicidad o de otro modo para promover la venta, uso u otras transacciones de este Software sin la autorizaci\u00f3n previa por escrito del titular de los derechos de autor.<\/p>\n\n<p>Se concede permiso a cualquiera para utilizar este software con cualquier fin, incluidas aplicaciones comerciales previo acuerdo con focalx.<\/p>\n\t\t\t\t\t\t\t\t<\/div>\n\t\t\t\t<\/div>\n\t\t\t\t\t<\/div>\n\t\t\t\t<\/div>\n\t\t\t\t<\/div>\n\t\t","protected":false},"excerpt":{"rendered":"<p>ACUERDO DE LICENCIA focalx, Versi\u00f3n (Todos) Lee atentamente los t\u00e9rminos de este acuerdo de licencia y los t\u00e9rminos de licencia [&hellip;]<\/p>\n","protected":false},"author":1,"featured_media":0,"parent":0,"menu_order":0,"comment_status":"closed","ping_status":"closed","template":"elementor_header_footer","meta":{"_acf_changed":false,"_seopress_robots_primary_cat":"","_seopress_titles_title":"","_seopress_titles_desc":"","_seopress_robots_index":"","content-type":"","site-sidebar-layout":"default","site-content-layout":"","ast-site-content-layout":"default","site-content-style":"default","site-sidebar-style":"default","ast-global-header-display":"","ast-banner-title-visibility":"","ast-main-header-display":"","ast-hfb-above-header-display":"","ast-hfb-below-header-display":"","ast-hfb-mobile-header-display":"","site-post-title":"","ast-breadcrumbs-content":"","ast-featured-img":"","footer-sml-layout":"","ast-disable-related-posts":"","theme-transparent-header-meta":"default","adv-header-id-meta":"","stick-header-meta":"","header-above-stick-meta":"","header-main-stick-meta":"","header-below-stick-meta":"","astra-migrate-meta-layouts":"set","ast-page-background-enabled":"default","ast-page-background-meta":{"desktop":{"background-color":"var(--ast-global-color-5)","background-image":"","background-repeat":"repeat","background-position":"center center","background-size":"auto","background-attachment":"scroll","background-type":"","background-media":"","overlay-type":"","overlay-color":"","overlay-opacity":"","overlay-gradient":""},"tablet":{"background-color":"","background-image":"","background-repeat":"repeat","background-position":"center center","background-size":"auto","background-attachment":"scroll","background-type":"","background-media":"","overlay-type":"","overlay-color":"","overlay-opacity":"","overlay-gradient":""},"mobile":{"background-color":"","background-image":"","background-repeat":"repeat","background-position":"center center","background-size":"auto","background-attachment":"scroll","background-type":"","background-media":"","overlay-type":"","overlay-color":"","overlay-opacity":"","overlay-gradient":""}},"ast-content-background-meta":{"desktop":{"background-color":"var(--ast-global-color-4)","background-image":"","background-repeat":"repeat","background-position":"center center","background-size":"auto","background-attachment":"scroll","background-type":"","background-media":"","overlay-type":"","overlay-color":"","overlay-opacity":"","overlay-gradient":""},"tablet":{"background-color":"var(--ast-global-color-4)","background-image":"","background-repeat":"repeat","background-position":"center center","background-size":"auto","background-attachment":"scroll","background-type":"","background-media":"","overlay-type":"","overlay-color":"","overlay-opacity":"","overlay-gradient":""},"mobile":{"background-color":"var(--ast-global-color-4)","background-image":"","background-repeat":"repeat","background-position":"center center","background-size":"auto","background-attachment":"scroll","background-type":"","background-media":"","overlay-type":"","overlay-color":"","overlay-opacity":"","overlay-gradient":""}},"footnotes":""},"class_list":["post-7195","page","type-page","status-publish","hentry"],"acf":[],"_links":{"self":[{"href":"https:\/\/focalx.ai\/es\/wp-json\/wp\/v2\/pages\/7195","targetHints":{"allow":["GET"]}}],"collection":[{"href":"https:\/\/focalx.ai\/es\/wp-json\/wp\/v2\/pages"}],"about":[{"href":"https:\/\/focalx.ai\/es\/wp-json\/wp\/v2\/types\/page"}],"author":[{"embeddable":true,"href":"https:\/\/focalx.ai\/es\/wp-json\/wp\/v2\/users\/1"}],"replies":[{"embeddable":true,"href":"https:\/\/focalx.ai\/es\/wp-json\/wp\/v2\/comments?post=7195"}],"version-history":[{"count":0,"href":"https:\/\/focalx.ai\/es\/wp-json\/wp\/v2\/pages\/7195\/revisions"}],"wp:attachment":[{"href":"https:\/\/focalx.ai\/es\/wp-json\/wp\/v2\/media?parent=7195"}],"curies":[{"name":"wp","href":"https:\/\/api.w.org\/{rel}","templated":true}]}}