{"id":6357,"date":"2025-02-21T05:14:16","date_gmt":"2025-02-21T05:14:16","guid":{"rendered":"https:\/\/focalx.ai\/pagina-de-formulario-de-contacto-de-hubspot\/"},"modified":"2025-12-20T16:08:28","modified_gmt":"2025-12-20T16:08:28","slug":"empezar","status":"publish","type":"page","link":"https:\/\/focalx.ai\/es\/empezar\/","title":{"rendered":"P\u00e1gina de formulario de contacto de Hubspot"},"content":{"rendered":"<h1>Solicita una demostraci\u00f3n<\/h1>\n<p>Consigue acceso exclusivo al kit de herramientas focalx y pru\u00e9balo t\u00fa mismo<\/p>\n<p><img loading=\"lazy\" decoding=\"async\" src=\"http:\/\/focalx.ai\/wp-content\/uploads\/2025\/04\/car_scan_1-min-768x325.png\" sizes=\"auto, (max-width: 768px) 100vw, 768px\" srcset=\"https:\/\/focalx.ai\/wp-content\/uploads\/2025\/04\/car_scan_1-min-768x325.png 768w, https:\/\/focalx.ai\/wp-content\/uploads\/2025\/04\/car_scan_1-min-300x127.png 300w, https:\/\/focalx.ai\/wp-content\/uploads\/2025\/04\/car_scan_1-min.png 857w\" alt=\"\" width=\"768\" height=\"325\" \/><\/p>\n","protected":false},"excerpt":{"rendered":"<p>Solicita una demostraci\u00f3n Consigue acceso exclusivo al kit de herramientas focalx y pru\u00e9balo t\u00fa mismo<\/p>\n","protected":false},"author":12,"featured_media":0,"parent":0,"menu_order":0,"comment_status":"closed","ping_status":"closed","template":"elementor_header_footer","meta":{"_acf_changed":false,"_seopress_robots_primary_cat":"","_seopress_titles_title":"Reserva una demostraci\u00f3n y contacta - Focalx","_seopress_titles_desc":"Reserva una demostraci\u00f3n hoy mismo y obt\u00e9n una introducci\u00f3n a nuestro sistema o escucha m\u00e1s sobre lo que podemos hacer por tu empresa.","_seopress_robots_index":"","content-type":"","site-sidebar-layout":"default","site-content-layout":"","ast-site-content-layout":"default","site-content-style":"default","site-sidebar-style":"default","ast-global-header-display":"","ast-banner-title-visibility":"","ast-main-header-display":"","ast-hfb-above-header-display":"","ast-hfb-below-header-display":"","ast-hfb-mobile-header-display":"","site-post-title":"","ast-breadcrumbs-content":"","ast-featured-img":"","footer-sml-layout":"","ast-disable-related-posts":"","theme-transparent-header-meta":"default","adv-header-id-meta":"","stick-header-meta":"","header-above-stick-meta":"","header-main-stick-meta":"","header-below-stick-meta":"","astra-migrate-meta-layouts":"set","ast-page-background-enabled":"default","ast-page-background-meta":{"desktop":{"background-color":"var(--ast-global-color-5)","background-image":"","background-repeat":"repeat","background-position":"center center","background-size":"auto","background-attachment":"scroll","background-type":"","background-media":"","overlay-type":"","overlay-color":"","overlay-opacity":"","overlay-gradient":""},"tablet":{"background-color":"","background-image":"","background-repeat":"repeat","background-position":"center center","background-size":"auto","background-attachment":"scroll","background-type":"","background-media":"","overlay-type":"","overlay-color":"","overlay-opacity":"","overlay-gradient":""},"mobile":{"background-color":"","background-image":"","background-repeat":"repeat","background-position":"center center","background-size":"auto","background-attachment":"scroll","background-type":"","background-media":"","overlay-type":"","overlay-color":"","overlay-opacity":"","overlay-gradient":""}},"ast-content-background-meta":{"desktop":{"background-color":"var(--ast-global-color-4)","background-image":"","background-repeat":"repeat","background-position":"center center","background-size":"auto","background-attachment":"scroll","background-type":"","background-media":"","overlay-type":"","overlay-color":"","overlay-opacity":"","overlay-gradient":""},"tablet":{"background-color":"var(--ast-global-color-4)","background-image":"","background-repeat":"repeat","background-position":"center center","background-size":"auto","background-attachment":"scroll","background-type":"","background-media":"","overlay-type":"","overlay-color":"","overlay-opacity":"","overlay-gradient":""},"mobile":{"background-color":"var(--ast-global-color-4)","background-image":"","background-repeat":"repeat","background-position":"center center","background-size":"auto","background-attachment":"scroll","background-type":"","background-media":"","overlay-type":"","overlay-color":"","overlay-opacity":"","overlay-gradient":""}},"footnotes":""},"class_list":["post-6357","page","type-page","status-publish","hentry"],"acf":[],"_links":{"self":[{"href":"https:\/\/focalx.ai\/es\/wp-json\/wp\/v2\/pages\/6357","targetHints":{"allow":["GET"]}}],"collection":[{"href":"https:\/\/focalx.ai\/es\/wp-json\/wp\/v2\/pages"}],"about":[{"href":"https:\/\/focalx.ai\/es\/wp-json\/wp\/v2\/types\/page"}],"author":[{"embeddable":true,"href":"https:\/\/focalx.ai\/es\/wp-json\/wp\/v2\/users\/12"}],"replies":[{"embeddable":true,"href":"https:\/\/focalx.ai\/es\/wp-json\/wp\/v2\/comments?post=6357"}],"version-history":[{"count":0,"href":"https:\/\/focalx.ai\/es\/wp-json\/wp\/v2\/pages\/6357\/revisions"}],"wp:attachment":[{"href":"https:\/\/focalx.ai\/es\/wp-json\/wp\/v2\/media?parent=6357"}],"curies":[{"name":"wp","href":"https:\/\/api.w.org\/{rel}","templated":true}]}}