{"id":5941,"date":"2024-03-11T16:17:57","date_gmt":"2024-03-11T16:17:57","guid":{"rendered":"https:\/\/focalx.ai\/nutzungsbedingungen\/"},"modified":"2025-12-25T15:49:44","modified_gmt":"2025-12-25T15:49:44","slug":"nutzungsbedingungen","status":"publish","type":"page","link":"https:\/\/focalx.ai\/de\/nutzungsbedingungen\/","title":{"rendered":"Nutzungsbedingungen"},"content":{"rendered":"\t\t<div data-elementor-type=\"wp-page\" data-elementor-id=\"5941\" class=\"elementor elementor-5941 elementor-298\" data-elementor-post-type=\"page\">\n\t\t\t\t<div class=\"elementor-element elementor-element-3df43aa1 e-flex e-con-boxed e-con e-parent\" data-id=\"3df43aa1\" data-element_type=\"container\" data-e-type=\"container\">\n\t\t\t\t\t<div class=\"e-con-inner\">\n\t\t\t\t<div class=\"elementor-element elementor-element-2b0105b0 elementor-widget elementor-widget-text-editor\" data-id=\"2b0105b0\" data-element_type=\"widget\" data-e-type=\"widget\" data-widget_type=\"text-editor.default\">\n\t\t\t\t<div class=\"elementor-widget-container\">\n\t\t\t\t\t\t\t\t\t<h1 class=\"wp-block-heading\">LIZENZVEREINBARUNG<\/h1>\n\n<h3 class=\"wp-block-heading\">focalx, Version (Alle)<\/h3>\n\n<p>Lesen Sie die Bedingungen dieses Lizenzvertrags und die vor der Installation bereitgestellten erg\u00e4nzenden Lizenzbedingungen (zusammenfassend &#8222;Vertrag&#8220;) sorgf\u00e4ltig durch. Im Falle eines Widerspruchs zwischen diesem Lizenzvertrag und den erg\u00e4nzenden Lizenzbedingungen haben die erg\u00e4nzenden Lizenzbedingungen Vorrang. Die Software, f\u00fcr die dieser Vertrag gilt, ist durch das Urheberrecht und andere internationale Gesetze, Vorschriften und Vereinbarungen \u00fcber geistiges Eigentum gesch\u00fctzt. Indem Sie die Software installieren, verwenden oder kopieren, erkl\u00e4ren Sie sich mit den Bedingungen dieser Vereinbarung einverstanden.   <\/p>\n\n<p>Focalx<\/p>\n\n<p>Copyright \u00a9 2023<br>focalx.ai<\/p>\n\n<h3 class=\"wp-block-heading\">1. LIZENZ ZUR NUTZUNG:<\/h3>\n\n<p>FocalX ApS (&#8222;focalx&#8220;) gew\u00e4hrt Ihnen eine nicht-exklusive und nicht-\u00fcbertragbare Lizenz f\u00fcr die Nutzung der beiliegenden Software und Dokumentation (zusammenfassend &#8222;Software&#8220;)<\/p>\n\n<h3 class=\"wp-block-heading\">2. EINSCHR\u00c4NKUNGEN:<\/h3>\n\n<p>Die Software ist durch geistige Eigentumsrechte gesch\u00fctzt. Das Eigentum an der Software und alle damit verbundenen geistigen Eigentumsrechte, einschlie\u00dflich und ohne Einschr\u00e4nkung aller Modifikationen, Verbesserungen und \u00dcberarbeitungen der Software, verbleiben bei focalx und\/oder seinen Lizenzgebern. Sofern die Durchsetzung nicht durch geltendes Recht untersagt ist, d\u00fcrfen Sie die Software nicht ver\u00e4ndern, dekompilieren oder zur\u00fcckentwickeln. Im Rahmen dieser Vereinbarung werden keine Rechte, Titel oder Anteile an Marken, Dienstleistungsmarken, Logos oder Handelsnamen von focalx oder seinen Lizenzgebern gew\u00e4hrt.   <\/p>\n\n<h3 class=\"wp-block-heading\">3. AUSSCHLUSS DER GEW\u00c4HRLEISTUNG:<\/h3>\n\n<p>Die Software wird ohne M\u00e4ngelgew\u00e4hr bereitgestellt. Ohne das Vorstehende einzuschr\u00e4nken, garantiert focalx nicht, dass die Software frei von Fehlern ist oder ohne Bugs, Viren, Datenverluste oder Unterbrechungen funktioniert. Ihr einziges Rechtsmittel und die gesamte Haftung von focalx im Rahmen dieser eingeschr\u00e4nkten Garantie besteht im Ersatz der Software durch focalx. Alle ausdr\u00fccklichen oder stillschweigenden Bedingungen, Zusicherungen und Garantien, einschlie\u00dflich der stillschweigenden Garantie der Marktg\u00e4ngigkeit, der Eignung f\u00fcr einen bestimmten Zweck oder der Nichtverletzung von Rechten Dritter, werden von focalx abgelehnt, es sei denn, diese Ablehnungen sind rechtlich ung\u00fcltig.   <\/p>\n\n<h3 class=\"wp-block-heading\">4. BESCHR\u00c4NKUNG DER HAFTUNG:<\/h3>\n\n<p>SOWEIT DIES NICHT GESETZLICH VERBOTEN IST, HAFTEN FOCALX ODER SEINE LIZENZGEBER IN KEINEM FALL F\u00dcR ENTGANGENE EINNAHMEN, GEWINNE ODER DATEN ODER F\u00dcR BESONDERE, INDIREKTE, FOLGE- ODER BEIL\u00c4UFIG ENTSTANDENE SCH\u00c4DEN, UNABH\u00c4NGIG VON DER HAFTUNGSTHEORIE, DIE SICH AUS DER NUTZUNG ODER DER UNF\u00c4HIGKEIT ZUR NUTZUNG DER SOFTWARE ERGEBEN ODER DAMIT ZUSAMMENH\u00c4NGEN, SELBST WENN FOCALX AUF DIE M\u00d6GLICHKEIT SOLCHER SCH\u00c4DEN HINGEWIESEN WURDE. IN KEINEM FALL \u00dcBERSTEIGT DIE HAFTUNG VON FOCALX IHNEN GEGEN\u00dcBER, OB AUS VERTRAG, UNERLAUBTER HANDLUNG (EINSCHLIESSLICH FAHRL\u00c4SSIGKEIT) ODER ANDERWEITIG, DEN BETRAG, DEN SIE F\u00dcR DIE SOFTWARE IM RAHMEN DIESES VERTRAGS BEZAHLT HABEN. DIE VORSTEHENDEN EINSCHR\u00c4NKUNGEN GELTEN AUCH DANN, WENN DIE OBEN GENANNTE GARANTIE IHREN WESENTLICHEN ZWECK VERFEHLT.  <\/p>\n\n<h3 class=\"wp-block-heading\">5. BEENDIGUNG:<\/h3>\n<p>Dieser Vertrag ist bis zur K\u00fcndigung g\u00fcltig. Sie k\u00f6nnen diese Vereinbarung jederzeit k\u00fcndigen, indem Sie die Software deinstallieren und alle Kopien der Software vernichten. Diese Vereinbarung endet sofort und ohne Benachrichtigung durch focalx, wenn Sie eine Bestimmung dieser Vereinbarung nicht einhalten. Bei Beendigung m\u00fcssen Sie die Software deinstallieren und alle Kopien der Software vernichten.   <\/p>\n\n<p>FocalX ApS<br>D\u00e4nemark<\/p>\n\n<p>www.focalx.ai<\/p>\n\n<p>DIE SOFTWARE WIRD OHNE M\u00c4NGELGEW\u00c4HR UND OHNE JEGLICHE AUSDR\u00dcCKLICHE ODER STILLSCHWEIGENDE GARANTIE ZUR VERF\u00dcGUNG GESTELLT, EINSCHLIESSLICH, ABER NICHT BESCHR\u00c4NKT AUF DIE GARANTIE DER MARKTG\u00c4NGIGKEIT, DER EIGNUNG F\u00dcR EINEN BESTIMMTEN ZWECK UND DER NICHTVERLETZUNG VON RECHTEN DRITTER. UNTER KEINEN UMST\u00c4NDEN HAFTEN DIE AUTOREN ODER URHEBERRECHTSINHABER F\u00dcR JEGLICHE ANSPR\u00dcCHE, SCH\u00c4DEN ODER SONSTIGE HAFTUNG, SEI ES AUS VERTRAG, UNERLAUBTER HANDLUNG ODER ANDERWEITIG, DIE SICH AUS DER SOFTWARE ODER DER NUTZUNG DER SOFTWARE ODER DEM SONSTIGEN UMGANG MIT DER SOFTWARE ERGEBEN. <\/p>\n\n<p>Mit Ausnahme der in diesem Hinweis enthaltenen Angaben darf der Name eines Urheberrechtsinhabers ohne vorherige schriftliche Genehmigung des Urheberrechtsinhabers nicht in der Werbung oder anderweitig verwendet werden, um den Verkauf, die Nutzung oder andere Gesch\u00e4fte mit dieser Software zu f\u00f6rdern.<\/p>\n\n<p>Es ist jedem gestattet, diese Software f\u00fcr jeden Zweck zu verwenden, einschlie\u00dflich kommerzieller Anwendungen nach Absprache mit focalx.<\/p>\n\t\t\t\t\t\t\t\t<\/div>\n\t\t\t\t<\/div>\n\t\t\t\t\t<\/div>\n\t\t\t\t<\/div>\n\t\t\t\t<\/div>\n\t\t","protected":false},"excerpt":{"rendered":"<p>LIZENZVEREINBARUNG focalx, Version (Alle) Lesen Sie die Bedingungen dieses Lizenzvertrags und die vor der Installation bereitgestellten erg\u00e4nzenden Lizenzbedingungen (zusammenfassend &#8222;Vertrag&#8220;) [&hellip;]<\/p>\n","protected":false},"author":1,"featured_media":0,"parent":0,"menu_order":0,"comment_status":"closed","ping_status":"closed","template":"elementor_header_footer","meta":{"_acf_changed":false,"_seopress_robots_primary_cat":"","_seopress_titles_title":"","_seopress_titles_desc":"","_seopress_robots_index":"","content-type":"","site-sidebar-layout":"default","site-content-layout":"","ast-site-content-layout":"default","site-content-style":"default","site-sidebar-style":"default","ast-global-header-display":"","ast-banner-title-visibility":"","ast-main-header-display":"","ast-hfb-above-header-display":"","ast-hfb-below-header-display":"","ast-hfb-mobile-header-display":"","site-post-title":"","ast-breadcrumbs-content":"","ast-featured-img":"","footer-sml-layout":"","ast-disable-related-posts":"","theme-transparent-header-meta":"default","adv-header-id-meta":"","stick-header-meta":"","header-above-stick-meta":"","header-main-stick-meta":"","header-below-stick-meta":"","astra-migrate-meta-layouts":"set","ast-page-background-enabled":"default","ast-page-background-meta":{"desktop":{"background-color":"var(--ast-global-color-5)","background-image":"","background-repeat":"repeat","background-position":"center center","background-size":"auto","background-attachment":"scroll","background-type":"","background-media":"","overlay-type":"","overlay-color":"","overlay-opacity":"","overlay-gradient":""},"tablet":{"background-color":"","background-image":"","background-repeat":"repeat","background-position":"center center","background-size":"auto","background-attachment":"scroll","background-type":"","background-media":"","overlay-type":"","overlay-color":"","overlay-opacity":"","overlay-gradient":""},"mobile":{"background-color":"","background-image":"","background-repeat":"repeat","background-position":"center center","background-size":"auto","background-attachment":"scroll","background-type":"","background-media":"","overlay-type":"","overlay-color":"","overlay-opacity":"","overlay-gradient":""}},"ast-content-background-meta":{"desktop":{"background-color":"var(--ast-global-color-4)","background-image":"","background-repeat":"repeat","background-position":"center center","background-size":"auto","background-attachment":"scroll","background-type":"","background-media":"","overlay-type":"","overlay-color":"","overlay-opacity":"","overlay-gradient":""},"tablet":{"background-color":"var(--ast-global-color-4)","background-image":"","background-repeat":"repeat","background-position":"center center","background-size":"auto","background-attachment":"scroll","background-type":"","background-media":"","overlay-type":"","overlay-color":"","overlay-opacity":"","overlay-gradient":""},"mobile":{"background-color":"var(--ast-global-color-4)","background-image":"","background-repeat":"repeat","background-position":"center center","background-size":"auto","background-attachment":"scroll","background-type":"","background-media":"","overlay-type":"","overlay-color":"","overlay-opacity":"","overlay-gradient":""}},"footnotes":""},"class_list":["post-5941","page","type-page","status-publish","hentry"],"acf":[],"_links":{"self":[{"href":"https:\/\/focalx.ai\/de\/wp-json\/wp\/v2\/pages\/5941","targetHints":{"allow":["GET"]}}],"collection":[{"href":"https:\/\/focalx.ai\/de\/wp-json\/wp\/v2\/pages"}],"about":[{"href":"https:\/\/focalx.ai\/de\/wp-json\/wp\/v2\/types\/page"}],"author":[{"embeddable":true,"href":"https:\/\/focalx.ai\/de\/wp-json\/wp\/v2\/users\/1"}],"replies":[{"embeddable":true,"href":"https:\/\/focalx.ai\/de\/wp-json\/wp\/v2\/comments?post=5941"}],"version-history":[{"count":0,"href":"https:\/\/focalx.ai\/de\/wp-json\/wp\/v2\/pages\/5941\/revisions"}],"wp:attachment":[{"href":"https:\/\/focalx.ai\/de\/wp-json\/wp\/v2\/media?parent=5941"}],"curies":[{"name":"wp","href":"https:\/\/api.w.org\/{rel}","templated":true}]}}